{"id":17308,"date":"2025-12-28T15:17:00","date_gmt":"2025-12-28T15:17:00","guid":{"rendered":"https:\/\/infinityalgerie.com\/?post_type=product&#038;p=17308"},"modified":"2025-12-28T15:17:23","modified_gmt":"2025-12-28T15:17:23","slug":"luceat-whiteness","status":"publish","type":"product","link":"https:\/\/infinityalgerie.com\/ar\/produits\/luceat-whiteness\/","title":{"rendered":"LUCE\u00c1T WHITENESS"},"content":{"rendered":"<h2>Caract\u00e9ristiques techniques<\/h2>\n<table class=\"specs-table\">\n<tbody>\n<tr>\n<th>\u0645\u0644\u0643\u064a\u0627\u062a<\/th>\n<th>\u0641\u0648\u0627\u0626\u062f<\/th>\n<\/tr>\n<tr>\n<td>\u062a\u0631\u0643\u064a\u0628\u0629 \u0645\u0631\u0643\u0632\u0629 \u0648\u0641\u0639\u0627\u0644\u0629: \u0645\u0632\u064a\u0644 \u0628\u0642\u0639 \u0642\u0648\u064a\u060c \u0641\u0639\u0627\u0644 \u062d\u062a\u0649 \u0641\u064a \u062f\u0631\u062c\u0627\u062a \u0627\u0644\u062d\u0631\u0627\u0631\u0629 \u0627\u0644\u0645\u0646\u062e\u0641\u0636\u0629\u060c \u0645\u0645\u0627 \u064a\u0633\u0647\u0644 \u0625\u0632\u0627\u0644\u0629 \u0627\u0644\u0628\u0642\u0639 \u0627\u0644\u0639\u0646\u064a\u062f\u0629 \u0645\u0639 \u062a\u062d\u0633\u064a\u0646 \u0627\u0644\u062c\u0631\u0639\u0629.<\/td>\n<td>\u0642\u0648\u0629 \u0645\u0645\u062a\u0627\u0632\u0629 \u0641\u064a \u0625\u0632\u0627\u0644\u0629 \u0627\u0644\u0628\u0642\u0639 \u0645\u0646 \u062c\u0645\u064a\u0639 \u0623\u0646\u0648\u0627\u0639 \u0627\u0644\u0645\u0644\u0627\u0628\u0633 \u0627\u0644\u0628\u064a\u0636\u0627\u0621\u060c \u0644\u0644\u062d\u0635\u0648\u0644 \u0639\u0644\u0649 \u0644\u0645\u0633\u0629 \u0646\u0647\u0627\u0626\u064a\u0629 \u0645\u0634\u0631\u0642\u0629 \u0648\u0645\u062a\u0633\u0627\u0648\u064a\u0629.<\/td>\n<\/tr>\n<tr>\n<td>\u062a\u0623\u062b\u064a\u0631 \u0645\u062a\u0648\u0627\u0632\u0646 \u064a\u0639\u062a\u0645\u062f \u0639\u0644\u0649 \u0647\u064a\u0628\u0648\u0643\u0644\u0648\u0631\u064a\u062a \u0627\u0644\u0635\u0648\u062f\u064a\u0648\u0645: \u062a\u0628\u064a\u064a\u0636 \u0645\u062a\u062c\u0627\u0646\u0633 \u062f\u0648\u0646 \u062a\u063a\u064a\u064a\u0631 \u0627\u0644\u0623\u0644\u064a\u0627\u0641\u060c \u0648\u0630\u0644\u0643 \u0628\u0641\u0636\u0644 \u0648\u062c\u0648\u062f \u0639\u0648\u0627\u0645\u0644 \u0642\u0644\u0648\u064a\u0629 \u0648\u0645\u062b\u0628\u062a\u0629.<\/td>\n<td>\u0642\u0648\u0629 \u0645\u0645\u062a\u0627\u0632\u0629 \u0641\u064a \u0625\u0632\u0627\u0644\u0629 \u0627\u0644\u0628\u0642\u0639 \u0645\u0646 \u062c\u0645\u064a\u0639 \u0623\u0646\u0648\u0627\u0639 \u0627\u0644\u0645\u0644\u0627\u0628\u0633 \u0627\u0644\u0628\u064a\u0636\u0627\u0621\u060c \u0644\u0644\u062d\u0635\u0648\u0644 \u0639\u0644\u0649 \u0644\u0645\u0633\u0629 \u0646\u0647\u0627\u0626\u064a\u0629 \u0645\u0634\u0631\u0642\u0629 \u0648\u0645\u062a\u0633\u0627\u0648\u064a\u0629.<\/td>\n<\/tr>\n<tr>\n<td>\u0645\u0646\u0627\u0633\u0628 \u0644\u0644\u0627\u0633\u062a\u062e\u062f\u0627\u0645 \u0627\u0644\u0645\u0647\u0646\u064a: \u0645\u0635\u0645\u0645 \u0644\u0645\u063a\u0627\u0633\u0644 \u0627\u0644\u0645\u0644\u0627\u0628\u0633 \u0627\u0644\u0635\u0646\u0627\u0639\u064a\u0629 \u0648\u0627\u0644\u0645\u0633\u062a\u0634\u0641\u064a\u0627\u062a\u060c \u0645\u0639 \u0627\u0644\u062a\u062d\u0643\u0645 \u0641\u064a \u062f\u0631\u062c\u0629 \u0627\u0644\u062d\u0631\u0627\u0631\u0629 \u0648\u0643\u0641\u0627\u0621\u0629 \u0627\u0644\u0631\u0642\u0645 \u0627\u0644\u0647\u064a\u062f\u0631\u0648\u062c\u064a\u0646\u064a.<\/td>\n<td>\u0623\u062f\u0627\u0621 \u0645\u0648\u0641\u0631 \u0644\u0644\u0637\u0627\u0642\u0629: \u0643\u0641\u0627\u0621\u0629 \u0641\u064a \u062f\u0631\u062c\u0627\u062a \u0627\u0644\u062d\u0631\u0627\u0631\u0629 \u0627\u0644\u0645\u0646\u062e\u0641\u0636\u0629\u060c \u0645\u0645\u0627 \u064a\u0633\u0627\u0639\u062f \u0639\u0644\u0649 \u062a\u0642\u0644\u064a\u0644 \u0627\u0633\u062a\u0647\u0644\u0627\u0643 \u0627\u0644\u0637\u0627\u0642\u0629 \u0645\u0639 \u0636\u0645\u0627\u0646 \u0645\u0633\u062a\u0648\u0649 \u0639\u0627\u0644\u064d \u0645\u0646 \u0627\u0644\u0646\u0638\u0627\u0641\u0629.<\/td>\n<\/tr>\n<\/tbody>\n<\/table>\n<h3 class=\"section-title\">\u0627\u0644\u0648\u062b\u0627\u0626\u0642 \u0627\u0644\u0641\u0646\u064a\u0629<\/h3>\n<div class=\"documents-list\">\n<div class=\"document-card\"><\/div>\n<\/div>\n<div class=\"document-title\">\u0627\u0644\u0645\u0648\u0627\u0635\u0641\u0627\u062a \u0627\u0644\u0641\u0646\u064a\u0629 \u2013 <a href=\"#\">\u062a\u062d\u0645\u064a\u0644<\/a><\/div>\n<div>\n<div class=\"document-title\">\u0635\u062d\u064a\u0641\u0629 \u0628\u064a\u0627\u0646\u0627\u062a \u0627\u0644\u0633\u0644\u0627\u0645\u0629 \u2013 <a href=\"#\">\u062a\u062d\u0645\u064a\u0644<\/a><\/div>\n<\/div>\n<p>&nbsp;<\/p>","protected":false},"excerpt":{"rendered":"<h4>\u0648\u0635\u0641<\/h4>\n<p>\u0644\u0648\u0633\u064a\u0647 \u0648\u0627\u064a\u062a\u0646\u0633 \u0647\u0648 \u0645\u0632\u064a\u0644 \u0628\u0642\u0639 \u063a\u0633\u064a\u0644 \u0642\u0627\u0626\u0645 \u0639\u0644\u0649 \u0627\u0644\u0643\u0644\u0648\u0631\u060c \u0645\u0635\u0645\u0645 \u062e\u0635\u064a\u0635\u064b\u0627 \u0644\u062a\u0644\u0628\u064a\u0629 \u0627\u062d\u062a\u064a\u0627\u062c\u0627\u062a \u0645\u063a\u0627\u0633\u0644 \u0627\u0644\u0645\u0644\u0627\u0628\u0633 \u0627\u0644\u0635\u0646\u0627\u0639\u064a\u0629 \u0648\u0627\u0644\u0645\u0633\u062a\u0634\u0641\u064a\u0627\u062a \u0648\u0627\u0644\u0645\u0624\u0633\u0633\u0627\u062a. \u064a\u064f\u0633\u062a\u062e\u062f\u0645 \u0623\u062b\u0646\u0627\u0621 \u062f\u0648\u0631\u0629 \u0627\u0644\u0634\u0637\u0641\u060c \u0648\u064a\u0639\u0645\u0644 \u0628\u0641\u0639\u0627\u0644\u064a\u0629 \u0628\u064a\u0646\u00a0<strong>20\u00a0\u00b0C et 40\u00a0\u00b0C<\/strong>, assurant une action blanchissante optimale m\u00eame \u00e0 basse temp\u00e9rature. Sa composition \u00e9quilibr\u00e9e permet un usage s\u00e9curis\u00e9 sur tous les textiles blancs, garantissant un linge \u00e9clatant, propre et hygi\u00e9nique tout en pr\u00e9servant la durabilit\u00e9 des fibres.<\/p>","protected":false},"featured_media":17075,"template":"","meta":[],"product_brand":[67],"product_cat":[66],"product_tag":[],"class_list":{"0":"post-17308","1":"product","2":"type-product","3":"status-publish","4":"has-post-thumbnail","6":"product_brand-infinity","7":"product_cat-hygiene-linge","9":"first","10":"instock","11":"shipping-taxable","12":"product-type-simple"},"_links":{"self":[{"href":"https:\/\/infinityalgerie.com\/ar\/wp-json\/wp\/v2\/product\/17308","targetHints":{"allow":["GET"]}}],"collection":[{"href":"https:\/\/infinityalgerie.com\/ar\/wp-json\/wp\/v2\/product"}],"about":[{"href":"https:\/\/infinityalgerie.com\/ar\/wp-json\/wp\/v2\/types\/product"}],"wp:featuredmedia":[{"embeddable":true,"href":"https:\/\/infinityalgerie.com\/ar\/wp-json\/wp\/v2\/media\/17075"}],"wp:attachment":[{"href":"https:\/\/infinityalgerie.com\/ar\/wp-json\/wp\/v2\/media?parent=17308"}],"wp:term":[{"taxonomy":"product_brand","embeddable":true,"href":"https:\/\/infinityalgerie.com\/ar\/wp-json\/wp\/v2\/product_brand?post=17308"},{"taxonomy":"product_cat","embeddable":true,"href":"https:\/\/infinityalgerie.com\/ar\/wp-json\/wp\/v2\/product_cat?post=17308"},{"taxonomy":"product_tag","embeddable":true,"href":"https:\/\/infinityalgerie.com\/ar\/wp-json\/wp\/v2\/product_tag?post=17308"}],"curies":[{"name":"wp","href":"https:\/\/api.w.org\/{rel}","templated":true}]}}