{"id":395,"date":"2022-07-22T20:17:26","date_gmt":"2022-07-22T20:17:26","guid":{"rendered":"https:\/\/demo.artureanec.com\/themes\/industrium\/?page_id=395"},"modified":"2025-12-28T15:51:34","modified_gmt":"2025-12-28T15:51:34","slug":"a-propos","status":"publish","type":"page","link":"https:\/\/infinityalgerie.com\/ar\/a-propos\/","title":{"rendered":"\u0639\u0646 \u0627\u0644\u0634\u0631\u0643\u0629"},"content":{"rendered":"<div data-elementor-type=\"wp-page\" data-elementor-id=\"395\" class=\"elementor elementor-395\">\n\t\t\t\t\t\t<section class=\"elementor-section elementor-top-section elementor-element elementor-element-0d5381e elementor-section-boxed elementor-section-height-default elementor-section-height-default\" data-id=\"0d5381e\" data-element_type=\"section\" data-e-type=\"section\">\n\t\t\t\t\t\t<div class=\"elementor-container elementor-column-gap-default\">\n\t\t\t\t\t<div class=\"elementor-column elementor-col-100 elementor-top-column elementor-element elementor-element-366a195\" data-id=\"366a195\" data-element_type=\"column\" data-e-type=\"column\">\n\t\t\t<div class=\"elementor-widget-wrap elementor-element-populated\">\n\t\t\t\t\t\t<div class=\"elementor-element elementor-element-98158e5 elementor-widget elementor-widget-heading\" data-id=\"98158e5\" data-element_type=\"widget\" data-e-type=\"widget\" data-widget_type=\"heading.default\">\n\t\t\t\t<div class=\"elementor-widget-container\">\n\t\t\t\t\t<h2 class=\"elementor-heading-title elementor-size-default\">\u062d\u0644\u0648\u0644 \u0645\u0648\u062b\u0648\u0642\u0629 \u0644\u062c\u0648\u062f\u0629 \u0645\u062b\u0627\u0644\u064a\u0629 <\/h2>\t\t\t\t<\/div>\n\t\t\t\t<\/div>\n\t\t\t\t\t<\/div>\n\t\t<\/div>\n\t\t\t\t\t<\/div>\n\t\t<\/section>\n\t\t\t\t<section class=\"elementor-section elementor-top-section elementor-element elementor-element-61ddadd elementor-section-boxed elementor-section-height-default elementor-section-height-default\" data-id=\"61ddadd\" data-element_type=\"section\" data-e-type=\"section\">\n\t\t\t\t\t\t<div class=\"elementor-container elementor-column-gap-wide\">\n\t\t\t\t\t<div class=\"elementor-column elementor-col-50 elementor-top-column elementor-element elementor-element-5c62ccb\" data-id=\"5c62ccb\" data-element_type=\"column\" data-e-type=\"column\">\n\t\t\t<div class=\"elementor-widget-wrap elementor-element-populated\">\n\t\t\t\t\t\t<div class=\"elementor-element elementor-element-f167859 elementor-widget elementor-widget-image\" data-id=\"f167859\" data-element_type=\"widget\" data-e-type=\"widget\" data-widget_type=\"image.default\">\n\t\t\t\t<div class=\"elementor-widget-container\">\n\t\t\t\t\t\t\t\t\t\t\t\t\t\t\t<img fetchpriority=\"high\" decoding=\"async\" width=\"1024\" height=\"1024\" src=\"https:\/\/infinityalgerie.com\/wp-content\/uploads\/2025\/09\/ChatGPT-Image-14-sept.-2025-12_24_33.png\" class=\"attachment-large size-large wp-image-16479\" alt=\"\" \/>\t\t\t\t\t\t\t\t\t\t\t\t\t\t\t<\/div>\n\t\t\t\t<\/div>\n\t\t\t\t<div class=\"elementor-element elementor-element-188ebc2 elementor-widget elementor-widget-spacer\" data-id=\"188ebc2\" data-element_type=\"widget\" data-e-type=\"widget\" data-widget_type=\"spacer.default\">\n\t\t\t\t<div class=\"elementor-widget-container\">\n\t\t\t\t\t\t\t<div class=\"elementor-spacer\">\n\t\t\t<div class=\"elementor-spacer-inner\"><\/div>\n\t\t<\/div>\n\t\t\t\t\t\t<\/div>\n\t\t\t\t<\/div>\n\t\t\t\t\t<\/div>\n\t\t<\/div>\n\t\t\t\t<div class=\"elementor-column elementor-col-50 elementor-top-column elementor-element elementor-element-232ea29\" data-id=\"232ea29\" data-element_type=\"column\" data-e-type=\"column\">\n\t\t\t<div class=\"elementor-widget-wrap elementor-element-populated\">\n\t\t\t\t\t\t<div class=\"elementor-element elementor-element-a15f496 elementor-widget elementor-widget-industrium_heading\" data-id=\"a15f496\" data-element_type=\"widget\" data-e-type=\"widget\" data-widget_type=\"industrium_heading.default\">\n\t\t\t\t<div class=\"elementor-widget-container\">\n\t\t\t\t\t<div class=\"industrium-heading-widget\"><h2 class=\"industrium-heading\"><span class=\"industrium-heading-content\">\u0645\u0646 \u0646\u062d\u0646\u061f\u00a0<\/span><\/h2><\/div>\t\t\t\t<\/div>\n\t\t\t\t<\/div>\n\t\t\t\t<div class=\"elementor-element elementor-element-6141658 elementor-widget elementor-widget-text-editor\" data-id=\"6141658\" data-element_type=\"widget\" data-e-type=\"widget\" data-widget_type=\"text-editor.default\">\n\t\t\t\t<div class=\"elementor-widget-container\">\n\t\t\t\t\t\t\t\t\t<p>\u0641\u064a \"\u0625\u0646\u0641\u064a\u0646\u064a\u062a\u064a\" (Infinity)\u060c \u0644\u062f\u064a\u0646\u0627 \u0642\u0646\u0627\u0639\u0629 \u0628\u0633\u064a\u0637\u0629: \u0627\u0644\u0646\u0638\u0627\u0641\u0629 \u0627\u0644\u0645\u0647\u0646\u064a\u0629 \u062a\u062c\u0645\u0639 \u0628\u064a\u0646 \u0627\u0644\u062c\u0648\u062f\u0629\u060c \u0627\u0644\u0633\u0644\u0627\u0645\u0629 \u0648\u0627\u0644\u0631\u0628\u062d\u064a\u0629.<br \/>\u0645\u0646 \u062e\u0644\u0627\u0644 \u062e\u0628\u0631\u062a\u0646\u0627 \u0627\u0644\u062a\u0642\u0646\u064a\u0629 \u0648\u0645\u0631\u0627\u0641\u0642\u062a\u0646\u0627 \u0627\u0644\u0645\u064a\u062f\u0627\u0646\u064a\u0629\u060c \u0646\u0633\u0627\u0639\u062f \u0634\u0631\u0643\u0627\u0621\u0646\u0627 \u0639\u0644\u0649 \u0627\u0644\u062a\u062d\u0643\u0645 \u0641\u064a \u0639\u0645\u0644\u064a\u0627\u062a \u0627\u0644\u062a\u0646\u0638\u064a\u0641 \u0648\u0627\u0644\u062a\u0637\u0647\u064a\u0631 \u0627\u0644\u062e\u0627\u0635\u0629 \u0628\u0647\u0645\u060c \u0645\u0639 \u062a\u062d\u0633\u064a\u0646 \u0623\u062f\u0627\u0626\u0647\u0645 \u0627\u0644\u062a\u0634\u063a\u064a\u0644\u064a \u0648\u0627\u0644\u0627\u0642\u062a\u0635\u0627\u062f\u064a \u0628\u0634\u0643\u0644 \u0645\u0633\u062a\u062f\u0627\u0645.<\/p>\t\t\t\t\t\t\t\t<\/div>\n\t\t\t\t<\/div>\n\t\t\t\t<div class=\"elementor-element elementor-element-62ca7ba elementor-widget elementor-widget-spacer\" data-id=\"62ca7ba\" data-element_type=\"widget\" data-e-type=\"widget\" data-widget_type=\"spacer.default\">\n\t\t\t\t<div class=\"elementor-widget-container\">\n\t\t\t\t\t\t\t<div class=\"elementor-spacer\">\n\t\t\t<div class=\"elementor-spacer-inner\"><\/div>\n\t\t<\/div>\n\t\t\t\t\t\t<\/div>\n\t\t\t\t<\/div>\n\t\t\t\t\t<\/div>\n\t\t<\/div>\n\t\t\t\t\t<\/div>\n\t\t<\/section>\n\t\t\t\t<section class=\"elementor-section elementor-top-section elementor-element elementor-element-630a8fa elementor-section-full_width elementor-section-stretched elementor-section-height-default elementor-section-height-default\" data-id=\"630a8fa\" data-element_type=\"section\" data-e-type=\"section\" data-settings=\"{&quot;stretch_section&quot;:&quot;section-stretched&quot;,&quot;background_background&quot;:&quot;classic&quot;}\">\n\t\t\t\t\t\t<div class=\"elementor-container elementor-column-gap-no\">\n\t\t\t\t\t<div class=\"elementor-column elementor-col-100 elementor-top-column elementor-element elementor-element-ed68f9e\" data-id=\"ed68f9e\" data-element_type=\"column\" data-e-type=\"column\">\n\t\t\t<div class=\"elementor-widget-wrap elementor-element-populated\">\n\t\t\t\t\t\t<div class=\"elementor-element elementor-element-78db5c6 elementor-absolute animated-fast decoration-type-1 elementor-invisible elementor-widget elementor-widget-industrium_decoration\" data-id=\"78db5c6\" data-element_type=\"widget\" data-e-type=\"widget\" data-settings=\"{&quot;_position&quot;:&quot;absolute&quot;,&quot;_animation&quot;:&quot;industrium_decoration&quot;,&quot;_animation_tablet_extra&quot;:&quot;none&quot;,&quot;_animation_delay&quot;:300}\" data-widget_type=\"industrium_decoration.default\">\n\t\t\t\t<div class=\"elementor-widget-container\">\n\t\t\t\t\t        <div class=\"decoration-widget\">\n            <div class=\"decoration-container\">\n                <div class=\"industrium-decoration\">\n                    <div><\/div><div><\/div><div><\/div>\n                <\/div>\n            <\/div>\n        <\/div>\n        \t\t\t\t<\/div>\n\t\t\t\t<\/div>\n\t\t\t\t<section class=\"elementor-section elementor-inner-section elementor-element elementor-element-ef1f02f elementor-section-boxed elementor-section-height-default elementor-section-height-default\" data-id=\"ef1f02f\" data-element_type=\"section\" data-e-type=\"section\">\n\t\t\t\t\t\t<div class=\"elementor-container elementor-column-gap-wide\">\n\t\t\t\t\t<div class=\"elementor-column elementor-col-50 elementor-inner-column elementor-element elementor-element-a1d6b89\" data-id=\"a1d6b89\" data-element_type=\"column\" data-e-type=\"column\">\n\t\t\t<div class=\"elementor-widget-wrap elementor-element-populated\">\n\t\t\t\t\t\t<div class=\"elementor-element elementor-element-c501b3d elementor-widget elementor-widget-industrium_heading\" data-id=\"c501b3d\" data-element_type=\"widget\" data-e-type=\"widget\" data-widget_type=\"industrium_heading.default\">\n\t\t\t\t<div class=\"elementor-widget-container\">\n\t\t\t\t\t<div class=\"industrium-heading-widget\"><h2 class=\"industrium-heading\"><span class=\"industrium-heading-content\">\u0645\u0647\u0645\u062a\u0646\u0627<\/span><\/h2><\/div>\t\t\t\t<\/div>\n\t\t\t\t<\/div>\n\t\t\t\t<div class=\"elementor-element elementor-element-c93e873 elementor-widget elementor-widget-text-editor\" data-id=\"c93e873\" data-element_type=\"widget\" data-e-type=\"widget\" data-widget_type=\"text-editor.default\">\n\t\t\t\t<div class=\"elementor-widget-container\">\n\t\t\t\t\t\t\t\t\t<p>\u062a\u062a\u0645\u062b\u0644 \u0645\u0647\u0645\u062a\u0646\u0627 \u0641\u064a \u062a\u0648\u0641\u064a\u0631 \u062d\u0644\u0648\u0644 \u0646\u0638\u0627\u0641\u0629 \u0645\u0648\u062b\u0648\u0642\u0629\u060c \u0645\u0628\u062a\u0643\u0631\u0629 \u0648\u0645\u0637\u0627\u0628\u0642\u0629 \u0644\u0623\u0643\u062b\u0631 \u0627\u0644\u0645\u0639\u0627\u064a\u064a\u0631 \u0635\u0631\u0627\u0645\u0629\u060c \u0645\u0639 \u0645\u0631\u0627\u0641\u0642\u0629 \u0643\u0644 \u0639\u0645\u064a\u0644 \u0628\u0635\u0641\u0629 \u0634\u062e\u0635\u064a\u0629.<br \/>\u0646\u0644\u062a\u0632\u0645 \u0628\u062a\u062d\u0648\u064a\u0644 \u0642\u064a\u0648\u062f \u0627\u0644\u0646\u0638\u0627\u0641\u0629 \u0625\u0644\u0649 \u0631\u0627\u0641\u0639\u0627\u062a \u0644\u0644\u0623\u062f\u0627\u0621\u060c \u0645\u0646 \u062e\u0644\u0627\u0644 \u0627\u0644\u062c\u0645\u0639 \u0628\u064a\u0646 \u0627\u0644\u0645\u0639\u0631\u0641\u0629 \u0627\u0644\u062a\u0642\u0646\u064a\u0629\u060c \u0627\u0644\u0642\u0631\u0628 \u0627\u0644\u0645\u064a\u062f\u0627\u0646\u064a \u0648\u062a\u062d\u0633\u064a\u0646 \u0627\u0644\u062a\u0643\u0627\u0644\u064a\u0641\u060c \u0644\u0636\u0645\u0627\u0646 \u0641\u0639\u0627\u0644\u064a\u0629 \u0645\u0633\u062a\u062f\u0627\u0645\u0629.<\/p>\t\t\t\t\t\t\t\t<\/div>\n\t\t\t\t<\/div>\n\t\t\t\t\t<\/div>\n\t\t<\/div>\n\t\t\t\t<div class=\"elementor-column elementor-col-50 elementor-inner-column elementor-element elementor-element-16dfcd1\" data-id=\"16dfcd1\" data-element_type=\"column\" data-e-type=\"column\">\n\t\t\t<div class=\"elementor-widget-wrap elementor-element-populated\">\n\t\t\t\t\t\t<div class=\"elementor-element elementor-element-4fafd03 elementor-widget elementor-widget-text-editor\" data-id=\"4fafd03\" data-element_type=\"widget\" data-e-type=\"widget\" data-widget_type=\"text-editor.default\">\n\t\t\t\t<div class=\"elementor-widget-container\">\n\t\t\t\t\t\t\t\t\t<p>\u0642\u0648\u0645 \u0628\u062a\u0635\u0645\u064a\u0645 \u0648\u0646\u0634\u0631 \u062d\u0644\u0648\u0644 \u062a\u0646\u0638\u064a\u0641 \u0648\u062a\u0637\u0647\u064a\u0631 \u0645\u0648\u062b\u0648\u0642\u0629 \u0648\u0645\u0628\u062a\u0643\u0631\u0629 \u0648\u0645\u0637\u0627\u0628\u0642\u0629 \u0644\u0644\u0645\u0639\u0627\u064a\u064a\u0631 \u0627\u0644\u0645\u0639\u0645\u0648\u0644 \u0628\u0647\u0627\u060c \u0645\u0639 \u0645\u0631\u0627\u0639\u0627\u0629 \u0627\u0644\u0648\u0627\u0642\u0639 \u0627\u0644\u062a\u0634\u063a\u064a\u0644\u064a \u0644\u0643\u0644 \u0642\u0637\u0627\u0639.<br \/>\u0628\u0641\u0636\u0644 \u062e\u0628\u0631\u0629 \u062a\u0642\u0646\u064a\u0629 \u0639\u0645\u064a\u0642\u0629 \u0648\u062d\u0636\u0648\u0631 \u0645\u064a\u062f\u0627\u0646\u064a \u062f\u0627\u0626\u0645\u060c \u0646\u0642\u0648\u0645 \u0628\u062a\u062d\u0644\u064a\u0644 \u0627\u0644\u0627\u062d\u062a\u064a\u0627\u062c\u0627\u062a \u0627\u0644\u062e\u0627\u0635\u0629 \u0644\u0639\u0645\u0644\u0627\u0626\u0646\u0627\u060c \u0648\u0646\u062d\u062f\u062f \u0645\u062c\u0627\u0644\u0627\u062a \u0627\u0644\u062a\u062d\u0633\u064a\u0646 \u0648\u0646\u0636\u0639 \u0628\u0631\u0648\u062a\u0648\u0643\u0648\u0644\u0627\u062a \u0641\u0639\u0627\u0644\u0629 \u0648\u0642\u0627\u0628\u0644\u0629 \u0644\u0644\u0642\u064a\u0627\u0633.<br \/>\u0627\u0644\u062a\u0632\u0627\u0645\u0646\u0627 \u064a\u062a\u062c\u0627\u0648\u0632 \u0645\u062c\u0631\u062f \u062a\u0648\u0641\u064a\u0631 \u0627\u0644\u0645\u0646\u062a\u062c\u0627\u062a: \u0646\u062d\u0646 \u0646\u0631\u0627\u0641\u0642 \u0627\u0644\u0641\u0650\u0631\u0642 \u0641\u064a \u0627\u0633\u062a\u062e\u062f\u0627\u0645 \u0648\u0645\u062a\u0627\u0628\u0639\u0629 \u0648\u062a\u062d\u0633\u064a\u0646 \u0627\u0644\u062d\u0644\u0648\u0644 \u0627\u0644\u0645\u0639\u062a\u0645\u062f\u0629\u060c \u0644\u0636\u0645\u0627\u0646 \u0641\u0639\u0627\u0644\u064a\u0629 \u0645\u0633\u062a\u062f\u0627\u0645\u0629\u060c \u0648\u0633\u0644\u0627\u0645\u0629 \u0645\u064f\u062d\u0643\u0645\u0629 \u0648\u0623\u062f\u0627\u0621 \u0627\u0642\u062a\u0635\u0627\u062f\u064a \u0623\u0645\u062b\u0644.<\/p>\t\t\t\t\t\t\t\t<\/div>\n\t\t\t\t<\/div>\n\t\t\t\t\t<\/div>\n\t\t<\/div>\n\t\t\t\t\t<\/div>\n\t\t<\/section>\n\t\t\t\t\t<\/div>\n\t\t<\/div>\n\t\t\t\t\t<\/div>\n\t\t<\/section>\n\t\t\t\t<section class=\"elementor-section elementor-top-section elementor-element elementor-element-38d041d elementor-hidden-widescreen elementor-hidden-desktop elementor-hidden-laptop elementor-hidden-tablet_extra elementor-hidden-tablet elementor-hidden-mobile_extra elementor-hidden-mobile elementor-section-boxed elementor-section-height-default elementor-section-height-default\" data-id=\"38d041d\" data-element_type=\"section\" data-e-type=\"section\">\n\t\t\t\t\t\t<div class=\"elementor-container elementor-column-gap-wide\">\n\t\t\t\t\t<div class=\"elementor-column elementor-col-50 elementor-top-column elementor-element elementor-element-44515f5\" data-id=\"44515f5\" data-element_type=\"column\" data-e-type=\"column\">\n\t\t\t<div class=\"elementor-widget-wrap elementor-element-populated\">\n\t\t\t\t\t\t<div class=\"elementor-element elementor-element-c4f1afe elementor-widget elementor-widget-industrium_heading\" data-id=\"c4f1afe\" data-element_type=\"widget\" data-e-type=\"widget\" data-widget_type=\"industrium_heading.default\">\n\t\t\t\t<div class=\"elementor-widget-container\">\n\t\t\t\t\t<div class=\"industrium-heading-widget\"><h2 class=\"industrium-heading\"><span class=\"industrium-heading-content\">Nos produits sont d\u00e9velopp\u00e9s pour<\/span><\/h2><\/div>\t\t\t\t<\/div>\n\t\t\t\t<\/div>\n\t\t\t\t<div class=\"elementor-element elementor-element-8ef317c elementor-widget elementor-widget-spacer\" data-id=\"8ef317c\" data-element_type=\"widget\" data-e-type=\"widget\" data-widget_type=\"spacer.default\">\n\t\t\t\t<div class=\"elementor-widget-container\">\n\t\t\t\t\t\t\t<div class=\"elementor-spacer\">\n\t\t\t<div class=\"elementor-spacer-inner\"><\/div>\n\t\t<\/div>\n\t\t\t\t\t\t<\/div>\n\t\t\t\t<\/div>\n\t\t\t\t<div class=\"elementor-element elementor-element-6fbd970 alignment-left icon-position-top elementor-widget elementor-widget-industrium_icon_box\" data-id=\"6fbd970\" data-element_type=\"widget\" data-e-type=\"widget\" data-widget_type=\"industrium_icon_box.default\">\n\t\t\t\t<div class=\"elementor-widget-container\">\n\t\t\t\t\t\n        <div class=\"industrium-icon-box-widget\">\n                                    <div class=\"icon-box-item icon-box-header with_arrow\">\n                <span class=\"icon-container background-type-svg\">\n                    <i class=\"fas fa-star\"><\/i>                <\/span>\n                            <\/div>\n                                <div class=\"icon-box-item icon-box-content\">\n                        <div class=\"content-container\">                    \n                            <div class=\"icon-box-info\"><p class=\"p1\">Un nettoyage automatique efficace et \u00e9conomique des circuits, cuves et \u00e9quipements, tout en prot\u00e9geant vos installations.<\/p><\/div>                        <\/div>\n                    <\/div>\n                            \n        <\/div>\n        \t\t\t\t<\/div>\n\t\t\t\t<\/div>\n\t\t\t\t<div class=\"elementor-element elementor-element-9b579d6 elementor-widget elementor-widget-spacer\" data-id=\"9b579d6\" data-element_type=\"widget\" data-e-type=\"widget\" data-widget_type=\"spacer.default\">\n\t\t\t\t<div class=\"elementor-widget-container\">\n\t\t\t\t\t\t\t<div class=\"elementor-spacer\">\n\t\t\t<div class=\"elementor-spacer-inner\"><\/div>\n\t\t<\/div>\n\t\t\t\t\t\t<\/div>\n\t\t\t\t<\/div>\n\t\t\t\t<div class=\"elementor-element elementor-element-280d482 alignment-left icon-position-top elementor-widget elementor-widget-industrium_icon_box\" data-id=\"280d482\" data-element_type=\"widget\" data-e-type=\"widget\" data-widget_type=\"industrium_icon_box.default\">\n\t\t\t\t<div class=\"elementor-widget-container\">\n\t\t\t\t\t\n        <div class=\"industrium-icon-box-widget\">\n                                    <div class=\"icon-box-item icon-box-header with_arrow\">\n                <span class=\"icon-container background-type-svg\">\n                    <i class=\"fas fa-star\"><\/i>                <\/span>\n                            <\/div>\n                                <div class=\"icon-box-item icon-box-content\">\n                        <div class=\"content-container\">                    \n                            <div class=\"icon-box-info\"><p class=\"p1\">Garantir des cycles rapides, un nettoyage pr\u00e9cis et une performance durable.<\/p><\/div>                        <\/div>\n                    <\/div>\n                            \n        <\/div>\n        \t\t\t\t<\/div>\n\t\t\t\t<\/div>\n\t\t\t\t<div class=\"elementor-element elementor-element-1143f73 elementor-widget elementor-widget-spacer\" data-id=\"1143f73\" data-element_type=\"widget\" data-e-type=\"widget\" data-widget_type=\"spacer.default\">\n\t\t\t\t<div class=\"elementor-widget-container\">\n\t\t\t\t\t\t\t<div class=\"elementor-spacer\">\n\t\t\t<div class=\"elementor-spacer-inner\"><\/div>\n\t\t<\/div>\n\t\t\t\t\t\t<\/div>\n\t\t\t\t<\/div>\n\t\t\t\t<div class=\"elementor-element elementor-element-5a3f600 alignment-left icon-position-top elementor-widget elementor-widget-industrium_icon_box\" data-id=\"5a3f600\" data-element_type=\"widget\" data-e-type=\"widget\" data-widget_type=\"industrium_icon_box.default\">\n\t\t\t\t<div class=\"elementor-widget-container\">\n\t\t\t\t\t\n        <div class=\"industrium-icon-box-widget\">\n                                    <div class=\"icon-box-item icon-box-header with_arrow\">\n                <span class=\"icon-container background-type-svg\">\n                    <i class=\"fas fa-star\"><\/i>                <\/span>\n                            <\/div>\n                                <div class=\"icon-box-item icon-box-content\">\n                        <div class=\"content-container\">                    \n                            <div class=\"icon-box-info\"><p class=\"p1\">Fournir des d\u00e9sinfectants non moussants, sans chlore et conformes aux normes, pour \u00e9liminer efficacement bact\u00e9ries, levures, virus et spores.<\/p><\/div>                        <\/div>\n                    <\/div>\n                            \n        <\/div>\n        \t\t\t\t<\/div>\n\t\t\t\t<\/div>\n\t\t\t\t<div class=\"elementor-element elementor-element-207567e alignment-left icon-position-top elementor-widget elementor-widget-industrium_icon_box\" data-id=\"207567e\" data-element_type=\"widget\" data-e-type=\"widget\" data-widget_type=\"industrium_icon_box.default\">\n\t\t\t\t<div class=\"elementor-widget-container\">\n\t\t\t\t\t\n        <div class=\"industrium-icon-box-widget\">\n                                    <div class=\"icon-box-item icon-box-header with_arrow\">\n                <span class=\"icon-container background-type-svg\">\n                    <i class=\"fas fa-star\"><\/i>                <\/span>\n                            <\/div>\n                                <div class=\"icon-box-item icon-box-content\">\n                        <div class=\"content-container\">                    \n                            <div class=\"icon-box-info\"><p class=\"p1\">Offrir des solution compl\u00e8te pour blanchisseries : propret\u00e9 irr\u00e9prochable, respect des textiles et \u00e9conomies garanties.<\/p><\/div>                        <\/div>\n                    <\/div>\n                            \n        <\/div>\n        \t\t\t\t<\/div>\n\t\t\t\t<\/div>\n\t\t\t\t\t<\/div>\n\t\t<\/div>\n\t\t\t\t<div class=\"elementor-column elementor-col-50 elementor-top-column elementor-element elementor-element-99952ee\" data-id=\"99952ee\" data-element_type=\"column\" data-e-type=\"column\">\n\t\t\t<div class=\"elementor-widget-wrap elementor-element-populated\">\n\t\t\t\t\t\t<div class=\"elementor-element elementor-element-727185a animated-fast elementor-invisible elementor-widget elementor-widget-image\" data-id=\"727185a\" data-element_type=\"widget\" data-e-type=\"widget\" data-settings=\"{&quot;_animation&quot;:&quot;image_clip_right&quot;,&quot;_animation_delay&quot;:300,&quot;_animation_tablet_extra&quot;:&quot;none&quot;}\" data-widget_type=\"image.default\">\n\t\t\t\t<div class=\"elementor-widget-container\">\n\t\t\t\t\t\t\t\t\t\t\t\t\t\t\t<img decoding=\"async\" width=\"960\" height=\"797\" src=\"https:\/\/infinityalgerie.com\/wp-content\/uploads\/2022\/08\/Small-steel-tanks-for-storage-and-fermentation-1-960x797.jpeg\" class=\"attachment-industrium_portfolio_grid_2_columns size-industrium_portfolio_grid_2_columns wp-image-16625\" alt=\"\" \/>\t\t\t\t\t\t\t\t\t\t\t\t\t\t\t<\/div>\n\t\t\t\t<\/div>\n\t\t\t\t\t<\/div>\n\t\t<\/div>\n\t\t\t\t\t<\/div>\n\t\t<\/section>\n\t\t\t\t<section class=\"elementor-section elementor-top-section elementor-element elementor-element-76dcca9 elementor-section-stretched elementor-hidden-widescreen elementor-hidden-desktop elementor-hidden-laptop elementor-hidden-tablet_extra elementor-hidden-tablet elementor-hidden-mobile_extra elementor-hidden-mobile elementor-section-boxed elementor-section-height-default elementor-section-height-default\" data-id=\"76dcca9\" data-element_type=\"section\" data-e-type=\"section\" data-settings=\"{&quot;stretch_section&quot;:&quot;section-stretched&quot;}\">\n\t\t\t\t\t\t<div class=\"elementor-container elementor-column-gap-default\">\n\t\t\t\t\t<div class=\"elementor-column elementor-col-100 elementor-top-column elementor-element elementor-element-25dbb26\" data-id=\"25dbb26\" data-element_type=\"column\" data-e-type=\"column\">\n\t\t\t<div class=\"elementor-widget-wrap elementor-element-populated\">\n\t\t\t\t\t\t<div class=\"elementor-element elementor-element-194d9ac view_type-2 view_style-2 elementor-widget elementor-widget-industrium_step_carousel\" data-id=\"194d9ac\" data-element_type=\"widget\" data-e-type=\"widget\" data-widget_type=\"industrium_step_carousel.default\">\n\t\t\t\t<div class=\"elementor-widget-container\">\n\t\t\t\t\t\n        <div class=\"industrium-step-carousel-widget\">\n            <h2 class=\"industrium-heading heading-with-pagination\"><span class=\"industrium-heading-inner\"><span class=\"industrium-heading-content\">Pourquoi choisir INFINITY ?<\/span><\/span><span class=\"owl-dots owl-dots-desktop owl-dots-194d9ac\"><\/span><\/h2>\n            <div class=\"step-carousel-wrapper\">\n\n                <div class=\"steps-slider-container\">\n                    <div class=\"steps-slider owl-carousel owl-theme\" data-slider-options=\"{&quot;items&quot;:3,&quot;nav&quot;:false,&quot;dots&quot;:true,&quot;dotsContainer&quot;:&quot;.owl-dots-desktop.owl-dots-194d9ac&quot;,&quot;dotsContainerMobile&quot;:&quot;.owl-dots-mobile.owl-dots-194d9ac&quot;,&quot;autoplayHoverPause&quot;:true,&quot;autoplay&quot;:false,&quot;autoplaySpeed&quot;:300,&quot;autoplayTimeout&quot;:5000,&quot;loop&quot;:false,&quot;speed&quot;:500}\">\n                        <div class=\"step-item slider-item\"><div class=\"step-bg-number\">01<\/div><div class=\"step-number\">01<\/div><div class=\"step-content\"><h3 class=\"step-title\">Qualit\u00e9 et performance <\/h3><div class=\"step-description\">Formulations adapt\u00e9es aux besoins des industries agroalimentaires et collectivit\u00e9s<\/div><\/div><\/div><div class=\"step-item slider-item\"><div class=\"step-bg-number\">02<\/div><div class=\"step-number\">02 <\/div><div class=\"step-content\"><h3 class=\"step-title\">S\u00e9curit\u00e9 et conformit\u00e9 :<\/h3><div class=\"step-description\">Produits respectant les r\u00e9glementations en vigueur<\/div><\/div><\/div><div class=\"step-item slider-item\"><div class=\"step-bg-number\">03<\/div><div class=\"step-number\">03<\/div><div class=\"step-content\"><h3 class=\"step-title\">Innovation et expertise<\/h3><div class=\"step-description\">Une recherche continue pour am\u00e9liorer l\u2019efficacit\u00e9 du nettoyage industriel<\/div><\/div><\/div>                    <\/div>                    \n                <\/div>\n                <div class=\"owl-dots owl-dots-mobile owl-dots-194d9ac\"><\/div>            <\/div>\n        <\/div>\n\n        \t\t\t\t<\/div>\n\t\t\t\t<\/div>\n\t\t\t\t\t<\/div>\n\t\t<\/div>\n\t\t\t\t\t<\/div>\n\t\t<\/section>\n\t\t\t\t<\/div>","protected":false},"excerpt":{"rendered":"<p>Des solutions fiables pour une qualit\u00e9 optimale Chez INFINITY, nous avons la conviction simple : l\u2019hygi\u00e8ne professionnelle allie qualit\u00e9, s\u00e9curit\u00e9 et rentabilit\u00e9.\u00c0 travers notre expertise technique et notre accompagnement terrain, nous aidons nos partenaires \u00e0 ma\u00eetriser leurs processus de nettoyage et&#8230;<\/p>","protected":false},"author":1,"featured_media":0,"parent":0,"menu_order":0,"comment_status":"closed","ping_status":"closed","template":"","meta":{"footnotes":""},"class_list":["post-395","page","type-page","status-publish","hentry"],"_links":{"self":[{"href":"https:\/\/infinityalgerie.com\/ar\/wp-json\/wp\/v2\/pages\/395","targetHints":{"allow":["GET"]}}],"collection":[{"href":"https:\/\/infinityalgerie.com\/ar\/wp-json\/wp\/v2\/pages"}],"about":[{"href":"https:\/\/infinityalgerie.com\/ar\/wp-json\/wp\/v2\/types\/page"}],"author":[{"embeddable":true,"href":"https:\/\/infinityalgerie.com\/ar\/wp-json\/wp\/v2\/users\/1"}],"replies":[{"embeddable":true,"href":"https:\/\/infinityalgerie.com\/ar\/wp-json\/wp\/v2\/comments?post=395"}],"version-history":[{"count":100,"href":"https:\/\/infinityalgerie.com\/ar\/wp-json\/wp\/v2\/pages\/395\/revisions"}],"predecessor-version":[{"id":17410,"href":"https:\/\/infinityalgerie.com\/ar\/wp-json\/wp\/v2\/pages\/395\/revisions\/17410"}],"wp:attachment":[{"href":"https:\/\/infinityalgerie.com\/ar\/wp-json\/wp\/v2\/media?parent=395"}],"curies":[{"name":"wp","href":"https:\/\/api.w.org\/{rel}","templated":true}]}}